{"id":460,"date":"2023-12-31T14:56:34","date_gmt":"2023-12-31T13:56:34","guid":{"rendered":"http:\/\/pzon.zagan.pl\/?page_id=460"},"modified":"2025-09-07T12:32:59","modified_gmt":"2025-09-07T10:32:59","slug":"poziom-wsparcia","status":"publish","type":"page","link":"https:\/\/pzon.zagan.pl\/index.php\/poziom-wsparcia\/","title":{"rendered":"Poziom Wsparcia"},"content":{"rendered":"\n<p class=\"has-vivid-red-color has-text-color has-link-color wp-elements-4217884a2ee8ce3017292b0bd2d44f8b\"><strong><strong>Wszelkie informacje dotycz\u0105ce nowego \u015bwiadczenia wpieraj\u0105cego oraz decyzji ustalaj\u0105cej poziom potrzeby wsparcia otrzymaj\u0105 Pa\u0144stwo w Wojew\u00f3dzkim Zespole ds. Orzekania o Niepe\u0142nosprawno\u015bci w Gorzowie Wlkp. pod numerem telefonu: +48 95 78 51&nbsp;499.<\/strong><\/strong><\/p>\n\n\n\n<hr class=\"wp-block-separator aligncenter has-alpha-channel-opacity is-style-wide\"\/>\n\n\n\n<p><strong>Od 01 stycznia 2024 r. wnioski o wydanie decyzji ustalaj\u0105cej poziom potrzeby wsparcia sk\u0142ada si\u0119 do:<\/strong><\/p>\n\n\n\n<figure class=\"wp-block-table\"><table><tbody><tr><td class=\"has-text-align-center\" data-align=\"center\"><strong>Wojew\u00f3dzki Zesp\u00f3\u0142 ds. Orzekania o Niepe\u0142nosprawno\u015bci w Gorzowie Wielkopolskim<\/strong><\/td><\/tr><tr><td class=\"has-text-align-center\" data-align=\"center\"><strong>66-400 Gorz\u00f3w Wlkp. ul. Jagiello\u0144czyka 8<\/strong><\/td><\/tr><\/tbody><\/table><\/figure>\n\n\n\n<p><strong>Wniosek mo\u017cna z\u0142o\u017cy\u0107:<\/strong><\/p>\n\n\n\n<ul class=\"wp-block-list\">\n<li><strong>bezpo\u015brednio w Wojew\u00f3dzkim Zespole w Gorzowie Wlkp.,<\/strong><\/li>\n\n\n\n<li><strong>tradycyjn\u0105 drog\u0105 pocztow\u0105 na adres Wojew\u00f3dzkiego Zespo\u0142u w Gorzowie Wlkp.,<\/strong><\/li>\n\n\n\n<li>elektronicznie za pomoc\u0105 systemu teleinformatycznego utworzonego przez ministra w\u0142a\u015bciwego do spraw zabezpieczenia spo\u0142ecznego albo <strong>&#8211; za po\u015brednictwem powiatowego zespo\u0142u ds. orzekania o niepe\u0142nosprawno\u015bci. Nale\u017cy jednak pami\u0119ta\u0107, \u017ce powiatowy zesp\u00f3\u0142 zobowi\u0105zany jest przekaza\u0107 wniosek do wojew\u00f3dzkiego zespo\u0142u w terminie 7 dni i nie zajmuje si\u0119 merytorycznie wydaniem decyzji.<\/strong><\/li>\n<\/ul>\n\n\n\n<hr class=\"wp-block-separator has-alpha-channel-opacity\"\/>\n\n\n\n<div class=\"wp-block-file\"><a id=\"wp-block-file--media-2577ac69-1860-409e-b09c-f19f3d5e4635\" href=\"https:\/\/pzon.zagan.pl\/wp-content\/uploads\/2023\/12\/PPW-Wniosek-o-wydanie-decyzji-ustalajacej-poziom-potrzeby-wsparcia.docx\">PPW &#8211; Wniosek o wydanie decyzji ustalaj\u0105cej poziom potrzeby wsparcia (.doc)<\/a><a href=\"https:\/\/pzon.zagan.pl\/wp-content\/uploads\/2023\/12\/PPW-Wniosek-o-wydanie-decyzji-ustalajacej-poziom-potrzeby-wsparcia.docx\" class=\"wp-block-file__button wp-element-button\" download aria-describedby=\"wp-block-file--media-2577ac69-1860-409e-b09c-f19f3d5e4635\">Pobierz<\/a><\/div>\n\n\n\n<div class=\"wp-block-file\"><a id=\"wp-block-file--media-3847d225-10b9-4e6f-8f9a-3e6a2baf086b\" href=\"https:\/\/pzon.zagan.pl\/wp-content\/uploads\/2023\/12\/PPW-K-Kwestionariusz-samooceny-trudnosci-w-zakresie-wykonywania-czynnosci-zwiazanych-z-funkcjonowaniem-11.docx\">PPW-K &#8211; Kwestionariusz samooceny trudno\u015bci w zakresie wykonywania czynno\u015bci-zwi\u0105zanych z funkcjonowaniem (.doc)<\/a><a href=\"https:\/\/pzon.zagan.pl\/wp-content\/uploads\/2023\/12\/PPW-K-Kwestionariusz-samooceny-trudnosci-w-zakresie-wykonywania-czynnosci-zwiazanych-z-funkcjonowaniem-11.docx\" class=\"wp-block-file__button wp-element-button\" download aria-describedby=\"wp-block-file--media-3847d225-10b9-4e6f-8f9a-3e6a2baf086b\">Pobierz<\/a><\/div>\n","protected":false},"excerpt":{"rendered":"<p>Wszelkie informacje dotycz\u0105ce nowego \u015bwiadczenia wpieraj\u0105cego oraz decyzji ustalaj\u0105cej poziom potrzeby wsparcia otrzymaj\u0105 Pa\u0144stwo w Wojew\u00f3dzkim Zespole ds. Orzekania o Niepe\u0142nosprawno\u015bci w Gorzowie Wlkp. pod numerem telefonu: +48 95 78 51&nbsp;499. Od 01 stycznia 2024 r. wnioski o wydanie decyzji ustalaj\u0105cej poziom potrzeby wsparcia sk\u0142ada si\u0119 do: Wojew\u00f3dzki Zesp\u00f3\u0142 ds. Orzekania o Niepe\u0142nosprawno\u015bci w Gorzowie&hellip;<a href=\"https:\/\/pzon.zagan.pl\/index.php\/poziom-wsparcia\/\" class=\"more-link\">Continue reading <span class=\"screen-reader-text\">Poziom Wsparcia<\/span><\/a><\/p>\n","protected":false},"author":1,"featured_media":0,"parent":0,"menu_order":0,"comment_status":"closed","ping_status":"closed","template":"page_fullwidth.php","meta":{"footnotes":""},"class_list":["post-460","page","type-page","status-publish","hentry"],"_links":{"self":[{"href":"https:\/\/pzon.zagan.pl\/index.php\/wp-json\/wp\/v2\/pages\/460","targetHints":{"allow":["GET"]}}],"collection":[{"href":"https:\/\/pzon.zagan.pl\/index.php\/wp-json\/wp\/v2\/pages"}],"about":[{"href":"https:\/\/pzon.zagan.pl\/index.php\/wp-json\/wp\/v2\/types\/page"}],"author":[{"embeddable":true,"href":"https:\/\/pzon.zagan.pl\/index.php\/wp-json\/wp\/v2\/users\/1"}],"replies":[{"embeddable":true,"href":"https:\/\/pzon.zagan.pl\/index.php\/wp-json\/wp\/v2\/comments?post=460"}],"version-history":[{"count":7,"href":"https:\/\/pzon.zagan.pl\/index.php\/wp-json\/wp\/v2\/pages\/460\/revisions"}],"predecessor-version":[{"id":551,"href":"https:\/\/pzon.zagan.pl\/index.php\/wp-json\/wp\/v2\/pages\/460\/revisions\/551"}],"wp:attachment":[{"href":"https:\/\/pzon.zagan.pl\/index.php\/wp-json\/wp\/v2\/media?parent=460"}],"curies":[{"name":"wp","href":"https:\/\/api.w.org\/{rel}","templated":true}]}}