{"id":176,"date":"2020-04-21T09:13:55","date_gmt":"2020-04-21T07:13:55","guid":{"rendered":"http:\/\/pzon.zagan.pl\/?page_id=176"},"modified":"2025-09-07T12:06:15","modified_gmt":"2025-09-07T10:06:15","slug":"strona-glowna","status":"publish","type":"page","link":"https:\/\/pzon.zagan.pl\/","title":{"rendered":"Aktualno\u015bci"},"content":{"rendered":"\n<p><strong>WA\u017bNA INFORMACJA DLA OS\u00d3B Z NIEPE\u0141NOSPRAWNO\u015aCIAMI<\/strong><\/p>\n\n\n\n<p>W zwi\u0105zku z wej\u015bciem w \u017cycie ustawy z dnia 24 lipca 2024 r. o zmianie ustawy o rehabilitacji zawodowej i spo\u0142ecznej oraz zatrudnianiu os\u00f3b niepe\u0142nosprawnych (Dz. U. z 2024 r. poz. 1165) oraz ustawy z dnia 25 wrze\u015bnia 2024 r. o zmianie ustawy o rehabilitacji zawodowej i spo\u0142ecznej oraz zatrudnianiu os\u00f3b niepe\u0142nosprawnych (Dz. U. z 2024 r. poz. 1494), uprzejmie informujemy, i\u017c:<\/p>\n\n\n\n<ol class=\"wp-block-list\">\n<li><strong>OSOBA NIEPE\u0141NOSPRAWNA POSIADAJ\u0104CA ORZECZENIE O NIEPE\u0141NOSPRAWNO\u015aCI LUB ORZECZENIE O STOPNIU NIEPE\u0141NOSPRAWNO\u015aCI WYDANE NA CZAS OKRE\u015aLONY:<br><\/strong>mo\u017ce wyst\u0105pi\u0107 do Powiatowego Zespo\u0142u z wnioskiem o wydanie kolejnego orzeczenia o niepe\u0142nosprawno\u015bci albo o stopniu niepe\u0142nosprawno\u015bci nie wcze\u015bniej ni\u017c 2 miesi\u0105ce przed up\u0142ywem terminu wa\u017cno\u015bci posiadanego orzeczenia.<\/li>\n\n\n\n<li><strong>OSOBA NIEPE\u0141NOSPRAWNA POSIADAJ\u0104CA ORZECZENIE O NIEPE\u0141NOSPRAWNO\u015aCI (TJ. OSOBA PONI\u017bEJ 16. ROKU \u017bYCIA) I WYST\u0118PUJ\u0104CA (PO RAZ PIERWSZY) O WYDANIE ORZECZENIA O STOPNIU NIEPE\u0141NOSPRAWNO\u015aCI (JAKO OSOBA POWY\u017bEJ 16 ROKU \u017bYCIA):<br><\/strong>mo\u017ce wyst\u0105pi\u0107 do Powiatowego Zespo\u0142u z wnioskiem o wydanie orzeczenia o stopniu niepe\u0142nosprawno\u015bci nie wcze\u015bniej ni\u017c 3 miesi\u0105ce przed up\u0142ywem terminu wa\u017cno\u015bci orzeczenia o niepe\u0142nosprawno\u015bci.<\/li>\n\n\n\n<li><strong>W PRZYPADKU ZMIANY STANU ZDROWIA:<br><\/strong>osoba niepe\u0142nosprawna posiadaj\u0105ca orzeczenie o niepe\u0142nosprawno\u015bci albo o stopniu niepe\u0142nosprawno\u015bci mo\u017ce w okresie wa\u017cno\u015bci tego orzeczenia wyst\u0105pi\u0107 do Powiatowego Zespo\u0142u z wnioskiem o wydanie orzeczenia uwzgl\u0119dniaj\u0105cego zmian\u0119 stanu zdrowia.<\/li>\n\n\n\n<li><strong>JE\u017bELI WNIOSEK O WYDANIE KOLEJNEGO ORZECZENIA O NIEPE\u0141NOSPRAWNO\u015aCI ALBO O STOPNIU NIEPE\u0141NOSPRAWNO\u015aCI ZOSTA\u0141 Z\u0141O\u017bONY W OKRESIE WA\u017bNO\u015aCI ODPOWIEDNIO ORZECZENIA USTALAJ\u0104CEGO NIEPE\u0141NOSPRAWNO\u015a\u0106 ALBO ORZECZENIA USTALAJ\u0104CEGO STOPIE\u0143 NIEPE\u0141NOSPRAWNO\u015aCI:<br><\/strong>to zachowuje ono wa\u017cno\u015b\u0107 do dnia wydania kolejnego ostatecznego orzeczenia, nie d\u0142u\u017cej jednak ni\u017c do ostatniego dnia sz\u00f3stego miesi\u0105ca nast\u0119puj\u0105cego po dacie okre\u015blaj\u0105cej t\u0119 wa\u017cno\u015b\u0107.<\/li>\n\n\n\n<li><strong>PO OTRZYMANIU KOMPLETNEGO WNIOSKU O PONOWNE WYDANIE ORZECZENIA O STOPNIU NIEPE\u0141NOSPRAWNO\u015a\u0106I Z\u0141O\u017bONEGO W OKRESIE WA\u017bNO\u015aCI DOTYCHCZASOWEGO ORZECZENIA:<br><\/strong>Przewodnicz\u0105cy Powiatowego Zespo\u0142u wydaje niezw\u0142ocznie za\u015bwiadczenie potwierdzaj\u0105ce z\u0142o\u017cenie\u00a0 tego wniosku oraz okre\u015blaj\u0105ce termin wa\u017cno\u015bci dotychczasowego orzeczenia o niepe\u0142nosprawno\u015bci albo o stopniu niepe\u0142nosprawno\u015bci.<\/li>\n<\/ol>\n\n\n\n<p><\/p>\n\n\n\n<p><\/p>\n\n\n\n<p><\/p>\n","protected":false},"excerpt":{"rendered":"<p>WA\u017bNA INFORMACJA DLA OS\u00d3B Z NIEPE\u0141NOSPRAWNO\u015aCIAMI W zwi\u0105zku z wej\u015bciem w \u017cycie ustawy z dnia 24 lipca 2024 r. o zmianie ustawy o rehabilitacji zawodowej i spo\u0142ecznej oraz zatrudnianiu os\u00f3b niepe\u0142nosprawnych (Dz. U. z 2024 r. poz. 1165) oraz ustawy z dnia 25 wrze\u015bnia 2024 r. o zmianie ustawy o rehabilitacji zawodowej i spo\u0142ecznej oraz&hellip;<a href=\"https:\/\/pzon.zagan.pl\/\" class=\"more-link\">Continue reading <span class=\"screen-reader-text\">Aktualno\u015bci<\/span><\/a><\/p>\n","protected":false},"author":1,"featured_media":0,"parent":0,"menu_order":0,"comment_status":"closed","ping_status":"closed","template":"page_fullwidth.php","meta":{"footnotes":""},"class_list":["post-176","page","type-page","status-publish","hentry"],"_links":{"self":[{"href":"https:\/\/pzon.zagan.pl\/index.php\/wp-json\/wp\/v2\/pages\/176","targetHints":{"allow":["GET"]}}],"collection":[{"href":"https:\/\/pzon.zagan.pl\/index.php\/wp-json\/wp\/v2\/pages"}],"about":[{"href":"https:\/\/pzon.zagan.pl\/index.php\/wp-json\/wp\/v2\/types\/page"}],"author":[{"embeddable":true,"href":"https:\/\/pzon.zagan.pl\/index.php\/wp-json\/wp\/v2\/users\/1"}],"replies":[{"embeddable":true,"href":"https:\/\/pzon.zagan.pl\/index.php\/wp-json\/wp\/v2\/comments?post=176"}],"version-history":[{"count":30,"href":"https:\/\/pzon.zagan.pl\/index.php\/wp-json\/wp\/v2\/pages\/176\/revisions"}],"predecessor-version":[{"id":541,"href":"https:\/\/pzon.zagan.pl\/index.php\/wp-json\/wp\/v2\/pages\/176\/revisions\/541"}],"wp:attachment":[{"href":"https:\/\/pzon.zagan.pl\/index.php\/wp-json\/wp\/v2\/media?parent=176"}],"curies":[{"name":"wp","href":"https:\/\/api.w.org\/{rel}","templated":true}]}}