{"id":158,"date":"2020-04-21T08:47:43","date_gmt":"2020-04-21T06:47:43","guid":{"rendered":"http:\/\/pzon.zagan.pl\/?page_id=158"},"modified":"2025-09-07T12:07:21","modified_gmt":"2025-09-07T10:07:21","slug":"kontakt","status":"publish","type":"page","link":"https:\/\/pzon.zagan.pl\/index.php\/kontakt\/","title":{"rendered":"Kontakt"},"content":{"rendered":"\n<p><strong>Powiatowy Zesp\u00f3\u0142 ds. Orzekania o Niepe\u0142nosprawno\u015bci <\/strong><\/p>\n\n\n\n<p>ul. Szprotawska 28<br>68-100 \u017baga\u0144 <br>tel. 68 477 77 71 wew. 2 <br><a href=\"mailto:sekretariat@pzon.zagan.pl\">sekretariat@pzon.zagan.pl<\/a> <\/p>\n\n\n\n<h4 class=\"wp-block-heading\"><mark style=\"background-color:rgba(0, 0, 0, 0)\" class=\"has-inline-color has-luminous-vivid-orange-color\">Nasi pracownicy:<\/mark><\/h4>\n\n\n\n<figure class=\"wp-block-table is-style-stripes\"><table class=\"has-fixed-layout\"><tbody><tr><td><strong>Przewodnicz\u0105ca Powiatowego Zespo\u0142u ds. Orzekania o Niepe\u0142nosprawno\u015bci<\/strong><\/td><td><\/td><td><\/td><\/tr><tr><td>Tel. 68&nbsp;377 36 03<\/td><td>Przewodnicz\u0105ca<\/td><td>\u2013 Olga \u0141abuz-Wo\u017aniak<\/td><\/tr><tr><td><strong>Sekretarz<\/strong> <\/td><td><\/td><td>&nbsp;<\/td><\/tr><tr><td><strong>&nbsp;<\/strong>Tel. 68&nbsp;377 24 30<\/td><td>&nbsp;Sekretarz<\/td><td>&nbsp;\u2013 Beata Walawender<\/td><\/tr><tr><td><strong>Braki formalne, odwo\u0142ania<\/strong><\/td><td><\/td><td><\/td><\/tr><tr><td>Tel. 68 303 06 78<\/td><td>Starszy Inspektor<br>Inspektor<\/td><td>\u2013 Anna Szpienik<br>\u2013 Dorota Grabkowska<\/td><\/tr><tr><td><strong>Legitymacje, karty parkingowe<\/strong><\/td><td><\/td><td><\/td><\/tr><tr><td>Tel. 68&nbsp;303 07 35<\/td><td>Podinspektor<\/td><td>\u2013 \u017baneta Bielawska<\/td><\/tr><tr><td><strong>Terminy komisji<\/strong><\/td><td><\/td><td><\/td><\/tr><tr><td>Tel. 68&nbsp;303 07 59<\/td><td>Inspektor<br><\/td><td>\u2013 Anita Rudnik<\/td><\/tr><tr><td>&nbsp;<strong>Sprawy pozosta\u0142e (w tym duplikaty orzecze\u0144)<\/strong><\/td><td>&nbsp;<\/td><td>&nbsp;<\/td><\/tr><tr><td>Tel. 68&nbsp;377 24 30<\/td><td>Podinspektor<\/td><td>\u2013 Weronika Ko\u0142odziej<\/td><\/tr><\/tbody><\/table><\/figure>\n\n\n\n<p><\/p>\n","protected":false},"excerpt":{"rendered":"<p>Powiatowy Zesp\u00f3\u0142 ds. Orzekania o Niepe\u0142nosprawno\u015bci ul. Szprotawska 2868-100 \u017baga\u0144 tel. 68 477 77 71 wew. 2 sekretariat@pzon.zagan.pl Nasi pracownicy: Przewodnicz\u0105ca Powiatowego Zespo\u0142u ds. Orzekania o Niepe\u0142nosprawno\u015bci Tel. 68&nbsp;377 36 03 Przewodnicz\u0105ca \u2013 Olga \u0141abuz-Wo\u017aniak Sekretarz &nbsp; &nbsp;Tel. 68&nbsp;377 24 30 &nbsp;Sekretarz &nbsp;\u2013 Beata Walawender Braki formalne, odwo\u0142ania Tel. 68 303 06 78 Starszy InspektorInspektor&hellip;<a href=\"https:\/\/pzon.zagan.pl\/index.php\/kontakt\/\" class=\"more-link\">Continue reading <span class=\"screen-reader-text\">Kontakt<\/span><\/a><\/p>\n","protected":false},"author":1,"featured_media":0,"parent":0,"menu_order":0,"comment_status":"closed","ping_status":"closed","template":"page_fullwidth.php","meta":{"footnotes":""},"class_list":["post-158","page","type-page","status-publish","hentry"],"_links":{"self":[{"href":"https:\/\/pzon.zagan.pl\/index.php\/wp-json\/wp\/v2\/pages\/158","targetHints":{"allow":["GET"]}}],"collection":[{"href":"https:\/\/pzon.zagan.pl\/index.php\/wp-json\/wp\/v2\/pages"}],"about":[{"href":"https:\/\/pzon.zagan.pl\/index.php\/wp-json\/wp\/v2\/types\/page"}],"author":[{"embeddable":true,"href":"https:\/\/pzon.zagan.pl\/index.php\/wp-json\/wp\/v2\/users\/1"}],"replies":[{"embeddable":true,"href":"https:\/\/pzon.zagan.pl\/index.php\/wp-json\/wp\/v2\/comments?post=158"}],"version-history":[{"count":7,"href":"https:\/\/pzon.zagan.pl\/index.php\/wp-json\/wp\/v2\/pages\/158\/revisions"}],"predecessor-version":[{"id":542,"href":"https:\/\/pzon.zagan.pl\/index.php\/wp-json\/wp\/v2\/pages\/158\/revisions\/542"}],"wp:attachment":[{"href":"https:\/\/pzon.zagan.pl\/index.php\/wp-json\/wp\/v2\/media?parent=158"}],"curies":[{"name":"wp","href":"https:\/\/api.w.org\/{rel}","templated":true}]}}