{"id":157,"date":"2020-04-21T08:47:43","date_gmt":"2020-04-21T06:47:43","guid":{"rendered":"http:\/\/pzon.zagan.pl\/?page_id=157"},"modified":"2025-09-07T12:29:00","modified_gmt":"2025-09-07T10:29:00","slug":"legitymacje","status":"publish","type":"page","link":"https:\/\/pzon.zagan.pl\/index.php\/legitymacje\/","title":{"rendered":"Legitymacje"},"content":{"rendered":"\n<h4 class=\"wp-block-heading\">Legitymacje os\u00f3b niepe\u0142nosprawnych wydaje si\u0119&nbsp;<strong>wy\u0142\u0105cznie&nbsp;na podstawie orzecze\u0144<\/strong> o niepe\u0142nosprawno\u015bci lub stopniu niepe\u0142nosprawno\u015bci.<\/h4>\n\n\n\n<hr class=\"wp-block-separator has-alpha-channel-opacity\"\/>\n\n\n\n<p><strong>Legitymacje os\u00f3b niepe\u0142nosprawnych wydaje si\u0119&nbsp;wy\u0142\u0105cznie&nbsp;na podstawie orzecze\u0144 o niepe\u0142nosprawno\u015bci, stopniu niepe\u0142nosprawno\u015bci, orzecze\u0144 o wskazaniach do ulg i uprawnie\u0144.<\/strong><\/p>\n\n\n\n<p>Powiatowy zesp\u00f3\u0142, na&nbsp;wniosek osoby niepe\u0142nosprawnej lub jej przedstawiciela ustawowego, wystawia legitymacj\u0119 dokumentuj\u0105c\u0105 niepe\u0142nosprawno\u015b\u0107 albo legitymacj\u0119 dokumentuj\u0105c\u0105 stopie\u0144 niepe\u0142nosprawno\u015bci.<\/p>\n\n\n\n<p><strong>W celu wyrobienia legitymacji osoby niepe\u0142nosprawnej nale\u017cy:<\/strong><\/p>\n\n\n\n<ol class=\"wp-block-list\">\n<li>wype\u0142ni\u0107 wniosek o wydanie legitymacji,<\/li>\n\n\n\n<li>do\u0142\u0105czy\u0107 jedn\u0105 fotografi\u0119 o wymiarach 35 mm x 45 mm, odzwierciedlaj\u0105c\u0105 aktualny wizerunek osoby, kt\u00f3rej wniosek dotyczy, przedstawiaj\u0105c\u0105 t\u0119 osob\u0119 bez nakrycia g\u0142owy i okular\u00f3w z ciemnymi szk\u0142ami,<\/li>\n\n\n\n<li>do\u0142\u0105czy\u0107 kserokopi\u0119 ostatniego prawomocnego orzeczenia o niepe\u0142nosprawno\u015bci, stopniu niepe\u0142nosprawno\u015bci lub orzeczenia o wskazaniach do ulg i uprawnie\u0144.<\/li>\n<\/ol>\n\n\n\n<hr class=\"wp-block-separator has-css-opacity\"\/>\n\n\n\n<p><strong>Druki wzor\u00f3w dokument\u00f3w do pobrania<\/strong><\/p>\n\n\n\n<div class=\"wp-block-file\"><a id=\"wp-block-file--media-01bd6dca-b94b-4edc-8bfb-5e68ceb80bf7\" href=\"https:\/\/pzon.zagan.pl\/wp-content\/uploads\/2022\/03\/aktualny-wniosek-o-wydanie-legitymacji.xlsx\">Wniosek o wydanie legitymacji (.xlsx)<\/a><a href=\"https:\/\/pzon.zagan.pl\/wp-content\/uploads\/2022\/03\/aktualny-wniosek-o-wydanie-legitymacji.xlsx\" class=\"wp-block-file__button wp-element-button\" download aria-describedby=\"wp-block-file--media-01bd6dca-b94b-4edc-8bfb-5e68ceb80bf7\">Pobierz<\/a><\/div>\n\n\n\n<div class=\"wp-block-file\"><a id=\"wp-block-file--media-859d5fe2-d217-4c2a-9c00-4f9161990b29\" href=\"https:\/\/pzon.zagan.pl\/wp-content\/uploads\/2023\/03\/Upowaznienie.pdf\">Upowa\u017cnienie do odbioru legitymacji (.pdf)<\/a><a href=\"https:\/\/pzon.zagan.pl\/wp-content\/uploads\/2023\/03\/Upowaznienie.pdf\" class=\"wp-block-file__button wp-element-button\" download aria-describedby=\"wp-block-file--media-859d5fe2-d217-4c2a-9c00-4f9161990b29\">Pobierz<\/a><\/div>\n\n\n\n<hr class=\"wp-block-separator has-css-opacity\"\/>\n\n\n\n<p>Powiatowy Zesp\u00f3\u0142 wystawia legitymacje na okres wa\u017cno\u015bci orzeczenia o niepe\u0142nosprawno\u015bci, o stopniu niepe\u0142nosprawno\u015bci lub o wskazaniach do ulg i uprawnie\u0144. Okres wa\u017cno\u015bci legitymacji nie mo\u017ce by\u0107 d\u0142u\u017cszy ni\u017c:<\/p>\n\n\n\n<ol class=\"wp-block-list\">\n<li>5 lat &#8211; w przypadku legitymacji dokumentuj\u0105cych niepe\u0142nosprawno\u015b\u0107;<\/li>\n\n\n\n<li>10 lat &#8211; w przypadku legitymacji dokumentuj\u0105cych stopie\u0144 niepe\u0142nosprawno\u015bci wystawionych osobom, kt\u00f3re nie uko\u0144czy\u0142y 60. roku \u017cycia.<\/li>\n<\/ol>\n\n\n\n<hr class=\"wp-block-separator has-css-opacity\"\/>\n\n\n\n<p>Od 1 wrze\u015bnia 2017r. pobiera si\u0119 <strong>op\u0142at\u0119 15 z\u0142 tylko za wydanie duplikatu<\/strong> legitymacji osoby niepe\u0142nosprawnej wydanej po 1 wrze\u015bnia 2017r.<\/p>\n\n\n\n<p class=\"has-text-align-center\"><strong>Nr rachunku bankowego, na kt\u00f3ry nale\u017cy uiszcza\u0107 op\u0142at\u0119 w wysoko\u015bci 15 z\u0142 za duplikat legitymacji osoby niepe\u0142nosprawnej:<br>nr konta: 64 1020 5460 0000 5602 0128 0437<\/strong><br>Powiatowe Centrum Pomocy Rodzinie, ul. \u015al\u0105ska 1, 68-100 \u017baga\u0144<br>Bank PKO BP<br>z dopiskiem &#8222;duplikat legitymacji&#8221;<\/p>\n\n\n\n<p><strong>W pozosta\u0142ych przypadkach wydawania legitymacji op\u0142at si\u0119 nie pobiera<\/strong>.<\/p>\n\n\n\n<hr class=\"wp-block-separator has-css-opacity\"\/>\n\n\n\n<p>Wz\u00f3r nowej legitymacji<\/p>\n\n\n<div class=\"wp-block-image\">\n<figure class=\"aligncenter size-large\"><img loading=\"lazy\" decoding=\"async\" width=\"638\" height=\"479\" src=\"https:\/\/pzon.zagan.pl\/wp-content\/uploads\/2020\/04\/nowa_legitymacja.jpg\" alt=\"\" class=\"wp-image-245\" srcset=\"https:\/\/pzon.zagan.pl\/wp-content\/uploads\/2020\/04\/nowa_legitymacja.jpg 638w, https:\/\/pzon.zagan.pl\/wp-content\/uploads\/2020\/04\/nowa_legitymacja-300x225.jpg 300w\" sizes=\"auto, (max-width: 638px) 100vw, 638px\" \/><\/figure>\n<\/div>","protected":false},"excerpt":{"rendered":"<p>Legitymacje os\u00f3b niepe\u0142nosprawnych wydaje si\u0119&nbsp;wy\u0142\u0105cznie&nbsp;na podstawie orzecze\u0144 o niepe\u0142nosprawno\u015bci lub stopniu niepe\u0142nosprawno\u015bci. Legitymacje os\u00f3b niepe\u0142nosprawnych wydaje si\u0119&nbsp;wy\u0142\u0105cznie&nbsp;na podstawie orzecze\u0144 o niepe\u0142nosprawno\u015bci, stopniu niepe\u0142nosprawno\u015bci, orzecze\u0144 o wskazaniach do ulg i uprawnie\u0144. Powiatowy zesp\u00f3\u0142, na&nbsp;wniosek osoby niepe\u0142nosprawnej lub jej przedstawiciela ustawowego, wystawia legitymacj\u0119 dokumentuj\u0105c\u0105 niepe\u0142nosprawno\u015b\u0107 albo legitymacj\u0119 dokumentuj\u0105c\u0105 stopie\u0144 niepe\u0142nosprawno\u015bci. W celu wyrobienia legitymacji osoby niepe\u0142nosprawnej nale\u017cy:&hellip;<a href=\"https:\/\/pzon.zagan.pl\/index.php\/legitymacje\/\" class=\"more-link\">Continue reading <span class=\"screen-reader-text\">Legitymacje<\/span><\/a><\/p>\n","protected":false},"author":1,"featured_media":0,"parent":0,"menu_order":0,"comment_status":"closed","ping_status":"closed","template":"page_fullwidth.php","meta":{"footnotes":""},"class_list":["post-157","page","type-page","status-publish","hentry"],"_links":{"self":[{"href":"https:\/\/pzon.zagan.pl\/index.php\/wp-json\/wp\/v2\/pages\/157","targetHints":{"allow":["GET"]}}],"collection":[{"href":"https:\/\/pzon.zagan.pl\/index.php\/wp-json\/wp\/v2\/pages"}],"about":[{"href":"https:\/\/pzon.zagan.pl\/index.php\/wp-json\/wp\/v2\/types\/page"}],"author":[{"embeddable":true,"href":"https:\/\/pzon.zagan.pl\/index.php\/wp-json\/wp\/v2\/users\/1"}],"replies":[{"embeddable":true,"href":"https:\/\/pzon.zagan.pl\/index.php\/wp-json\/wp\/v2\/comments?post=157"}],"version-history":[{"count":9,"href":"https:\/\/pzon.zagan.pl\/index.php\/wp-json\/wp\/v2\/pages\/157\/revisions"}],"predecessor-version":[{"id":547,"href":"https:\/\/pzon.zagan.pl\/index.php\/wp-json\/wp\/v2\/pages\/157\/revisions\/547"}],"wp:attachment":[{"href":"https:\/\/pzon.zagan.pl\/index.php\/wp-json\/wp\/v2\/media?parent=157"}],"curies":[{"name":"wp","href":"https:\/\/api.w.org\/{rel}","templated":true}]}}