{"id":156,"date":"2020-04-21T08:47:43","date_gmt":"2020-04-21T06:47:43","guid":{"rendered":"http:\/\/pzon.zagan.pl\/?page_id=156"},"modified":"2025-09-07T12:31:07","modified_gmt":"2025-09-07T10:31:07","slug":"karty-parkingowe","status":"publish","type":"page","link":"https:\/\/pzon.zagan.pl\/index.php\/karty-parkingowe\/","title":{"rendered":"Karty parkingowe"},"content":{"rendered":"\n<p class=\"has-text-align-left has-luminous-vivid-orange-color has-text-color\"><strong>Przed dokonaniem op\u0142aty za wydanie karty parkingowej prosimy o kontakt z pracownikami zespo\u0142u w celu weryfikacji czy karta Pa\u0144stwu przys\u0142uguje. Aby j\u0105 otrzyma\u0107 nale\u017cy spe\u0142ni\u0107 \u0142\u0105cznie kilka przes\u0142anek, dlatego przed dokonaniem op\u0142aty wa\u017cna jest weryfikacji orzeczenia.<\/strong><\/p>\n\n\n\n<p><strong>W celu wyrobienia karty parkingowej nale\u017cy:<\/strong><\/p>\n\n\n\n<ol class=\"wp-block-list\">\n<li>stawi\u0107 si\u0119 osobi\u015bcie z wa\u017cnym dokumentem to\u017csamo\u015bci w Powiatowym Zespole ds. Orzekania o Niepe\u0142nosprawno\u015bci,<\/li>\n\n\n\n<li>wype\u0142ni\u0107 wniosek o wydanie karty parkingowej,<\/li>\n\n\n\n<li>do\u0142\u0105czy\u0107 jedn\u0105 fotografi\u0119 o wymiarach 35 mm x 45 mm, odzwierciedlaj\u0105c\u0105 aktualny wizerunek osoby, kt\u00f3rej wniosek dotyczy, przedstawiaj\u0105c\u0105 t\u0119 osob\u0119 bez nakrycia g\u0142owy i okular\u00f3w z ciemnymi szk\u0142ami,<\/li>\n\n\n\n<li>do\u0142\u0105czy\u0107 dow\u00f3d uiszczenia op\u0142aty za wydanie karty parkingowej w przypadku op\u0142aty dokonanej poza urz\u0119dem,<\/li>\n\n\n\n<li>kserokopi\u0119 orzeczenia o niepe\u0142nosprawno\u015bci, stopniu niepe\u0142nosprawno\u015bci lub orzeczenia o wskazaniach do ulg i uprawnie\u0144 \u2013 orygina\u0142 do wgl\u0105du.<\/li>\n<\/ol>\n\n\n\n<p><strong><u><strong>Urz\u0105d przyjmuje p\u0142atno\u015bci bezgot\u00f3wkowe, tj. kart\u0105 p\u0142atnicz\u0105 (21,00 z\u0142). Je\u017celi nie posiadacie Pa\u0144stwo karty p\u0142atniczej to \u015brodki za wydanie karty parkingowej nale\u017cy wp\u0142aci\u0107 na poni\u017csze dane:<\/strong><\/u><\/strong><\/p>\n\n\n\n<p>Powiatowe Centrum Pomocy Rodzinie, 68-100 \u017baga\u0144, ul. \u015al\u0105ska 1<\/p>\n\n\n\n<p>Rachunek: Bank PKO BP <strong>64 1020 5460 0000 5602 0128 0437<\/strong> <br>z dopiskiem \u201ekarta parkingowa dla [imi\u0119 i nazwisko osoby z niepe\u0142nosprawno\u015bciami]\u201d<\/p>\n\n\n\n<hr class=\"wp-block-separator has-alpha-channel-opacity is-style-wide\"\/>\n\n\n\n<p>Karta parkingowa wydawana jest na okres wa\u017cno\u015bci orzeczenia, a w przypadku orzecze\u0144 wydanych na sta\u0142e kart\u0119 parkingow\u0105 wydaje si\u0119 na okres 5 lat.<\/p>\n\n\n\n<p>Prosimy zapozna\u0107 si\u0119 z dokumentem &#8222;Zasady wydawania kart parkingowych&#8221;<\/p>\n\n\n\n<div class=\"wp-block-file\"><a id=\"wp-block-file--media-f62b1862-8a42-4b25-b4cc-08749a9306b5\" href=\"https:\/\/pzon.zagan.pl\/wp-content\/uploads\/2023\/03\/ZASADY-WYDAWANIA-KP-03.2023-R..pdf\">Zasady wydawania kart parkingowych (.pdf)<\/a><a href=\"https:\/\/pzon.zagan.pl\/wp-content\/uploads\/2023\/03\/ZASADY-WYDAWANIA-KP-03.2023-R..pdf\" class=\"wp-block-file__button wp-element-button\" download aria-describedby=\"wp-block-file--media-f62b1862-8a42-4b25-b4cc-08749a9306b5\">Pobierz<\/a><\/div>\n\n\n\n<hr class=\"wp-block-separator has-css-opacity\"\/>\n\n\n\n<p><strong>Druki wzor\u00f3w dokument\u00f3w do pobrania<\/strong><\/p>\n\n\n\n<div class=\"wp-block-file\"><a id=\"wp-block-file--media-4ebd6ccd-c27e-466c-81ce-88e83a8e4420\" href=\"https:\/\/pzon.zagan.pl\/wp-content\/uploads\/2023\/10\/wniosek-o-wydanie-karty-parkingowej-z-30.09.2023.pdf\">Wniosek o wydanie karty parkingowej (.pdf)<\/a><a href=\"https:\/\/pzon.zagan.pl\/wp-content\/uploads\/2023\/10\/wniosek-o-wydanie-karty-parkingowej-z-30.09.2023.pdf\" class=\"wp-block-file__button wp-element-button\" download aria-describedby=\"wp-block-file--media-4ebd6ccd-c27e-466c-81ce-88e83a8e4420\">Pobierz<\/a><\/div>\n\n\n\n<div class=\"wp-block-file\"><a id=\"wp-block-file--media-0286afec-9983-43a7-8418-d722d5b14c28\" href=\"https:\/\/pzon.zagan.pl\/wp-content\/uploads\/2023\/10\/wniosek-o-wydanie-karty-parkingowej-z-30.09.2023.xls\">Wniosek o wydanie karty parkingowej (.xls)<\/a><a href=\"https:\/\/pzon.zagan.pl\/wp-content\/uploads\/2023\/10\/wniosek-o-wydanie-karty-parkingowej-z-30.09.2023.xls\" class=\"wp-block-file__button wp-element-button\" download aria-describedby=\"wp-block-file--media-0286afec-9983-43a7-8418-d722d5b14c28\">Pobierz<\/a><\/div>\n\n\n\n<div class=\"wp-block-file\"><a id=\"wp-block-file--media-0621dbbb-f367-4987-888c-58c96a3dbf3a\" href=\"https:\/\/pzon.zagan.pl\/wp-content\/uploads\/2023\/03\/Upowaznienie.pdf\">Upowa\u017cnienie do odbioru karty (,pdf)<\/a><a href=\"https:\/\/pzon.zagan.pl\/wp-content\/uploads\/2023\/03\/Upowaznienie.pdf\" class=\"wp-block-file__button wp-element-button\" download aria-describedby=\"wp-block-file--media-0621dbbb-f367-4987-888c-58c96a3dbf3a\">Pobierz<\/a><\/div>\n\n\n\n<hr class=\"wp-block-separator has-css-opacity\"\/>\n\n\n\n<h4 class=\"wp-block-heading\"><em><span class=\"has-inline-color has-luminous-vivid-orange-color\">Informacja dla os\u00f3b ubiegaj\u0105cych si\u0119 o wymian\u0119 karty parkingowej w zwi\u0105zku z wej\u015bciem ustawy z dnia 23 pa\u017adziernika 2013 r. o zmianie ustawy \u2013 Prawo o ruchu drogowym oraz niekt\u00f3rych innych ustaw.<\/span><\/em><\/h4>\n\n\n\n<p>Od 01 lipca 2014 r. kart\u0119 parkingow\u0105 wydaj\u0105 powiatowe zespo\u0142y do spraw orzekania o niepe\u0142nosprawno\u015bci na podstawie: 1) orzeczenia o niepe\u0142nosprawno\u015bci, 2) orzeczenia o stopniu niepe\u0142nosprawno\u015bci, 3) orzeczenia o wskazaniach do ulg i uprawnie\u0144 \u2013 wraz ze wskazaniem, o kt\u00f3rym mowa w art. 6b ust. 3 pkt 9 ustawy z dnia 27 sierpnia 1997 r. o rehabilitacji zawodowej i spo\u0142ecznej oraz zatrudnianiu os\u00f3b niepe\u0142nosprawnych.<\/p>\n\n\n\n<p>Art.6b ust. 3 pkt 9 cyt. ustawy otrzymuje brzmienie: \u201e9) spe\u0142niania przez osob\u0119 niepe\u0142nosprawn\u0105 przes\u0142anek okre\u015blonych w art. 8 ust. 3a pkt 1 i 2 ustawy z dnia 20 czerwca 1997 r. \u2013 Prawo o ruchu drogowym przy czym w przypadku os\u00f3b niepe\u0142nosprawnych zaliczonych do umiarkowanego stopnia niepe\u0142nosprawno\u015bci spe\u0142nienie tych przes\u0142anek mo\u017ce zosta\u0107 stwierdzone jedynie w przypadku ustalenia przyczyny niepe\u0142nosprawno\u015bci oznaczonej symbolem&nbsp;<strong>04-O<\/strong>&nbsp;(choroby narz\u0105du wzroku,)&nbsp;<strong>05-R<\/strong>&nbsp;(upo\u015bledzenie narz\u0105du ruchu) lub&nbsp;<strong>10-N<\/strong>&nbsp;(choroba neurologiczna).\u201d<\/p>\n\n\n\n<p>Od 31 marca 2020 roku wesz\u0142y w \u017cycie przepisy ustawy z dnia 31 marca 2020 r. o zmianie ustawy o szczeg\u00f3lnych rozwi\u0105zaniach zwi\u0105zanych z zapobieganiem, przeciwdzia\u0142aniem i zwalczaniem COVID-19, innych chor\u00f3b zaka\u017anych oraz wywo\u0142anych nimi sytuacji kryzysowych (Dz. U. z 2020 r. poz. 568). Na mocy art. 17 pkt 2 tej ustawy katalog os\u00f3b uprawnionych do uzyskania karty parkingowej rozszerzono o osoby zaliczone do umiarkowanego stopnia niepe\u0142nosprawno\u015bci z oznaczonym symbolem przyczyny niepe\u0142nosprawno\u015bci&nbsp;<strong>07-S<\/strong>&nbsp;(choroby uk\u0142adu oddechowego i kr\u0105\u017cenia).<\/p>\n\n\n\n<p>Osoby, kt\u00f3re do tej pory otrzyma\u0142y karty parkingowe na podstawie orzecze\u0144 innych organ\u00f3w (ZUS, KRUS), lub orzecze\u0144 powiatowego zespo\u0142u wydanych przed 01.01.2002 r. nie zawieraj\u0105cych zapisu odno\u015bnie spe\u0142niania przes\u0142anek okre\u015blonych w art. 8 ust. 1 \u2013 Prawo o ruchu drogowym, chc\u0105c ubiega\u0107 si\u0119 o ponowne wydanie karty parkingowej b\u0119d\u0105 musia\u0142y z\u0142o\u017cy\u0107 wniosek o wydanie orzeczenia o stopniu niepe\u0142nosprawno\u015bci lub do ulg i uprawnie\u0144 na podstawie orzeczenia innego organu.<\/p>\n\n\n\n<p>Karty parkingowe b\u0119d\u0105 wydawane na okres wa\u017cno\u015bci orzeczenia, jednak\u017ce nie d\u0142u\u017cej ni\u017c na okres 5 lat, a plac\u00f3wkom na okres 3 lat zgodnie z zapisem art.8 ust.5c ustawy z dnia 20 czerwca 1997 r. \u2013 Prawo o ruchu drogowym.<\/p>\n\n\n\n<ol class=\"wp-block-list\"><\/ol>\n\n\n\n<p><\/p>\n","protected":false},"excerpt":{"rendered":"<p>Przed dokonaniem op\u0142aty za wydanie karty parkingowej prosimy o kontakt z pracownikami zespo\u0142u w celu weryfikacji czy karta Pa\u0144stwu przys\u0142uguje. Aby j\u0105 otrzyma\u0107 nale\u017cy spe\u0142ni\u0107 \u0142\u0105cznie kilka przes\u0142anek, dlatego przed dokonaniem op\u0142aty wa\u017cna jest weryfikacji orzeczenia. W celu wyrobienia karty parkingowej nale\u017cy: Urz\u0105d przyjmuje p\u0142atno\u015bci bezgot\u00f3wkowe, tj. kart\u0105 p\u0142atnicz\u0105 (21,00 z\u0142). Je\u017celi nie posiadacie Pa\u0144stwo&hellip;<a href=\"https:\/\/pzon.zagan.pl\/index.php\/karty-parkingowe\/\" class=\"more-link\">Continue reading <span class=\"screen-reader-text\">Karty parkingowe<\/span><\/a><\/p>\n","protected":false},"author":1,"featured_media":0,"parent":0,"menu_order":0,"comment_status":"closed","ping_status":"closed","template":"page_fullwidth.php","meta":{"footnotes":""},"class_list":["post-156","page","type-page","status-publish","hentry"],"_links":{"self":[{"href":"https:\/\/pzon.zagan.pl\/index.php\/wp-json\/wp\/v2\/pages\/156","targetHints":{"allow":["GET"]}}],"collection":[{"href":"https:\/\/pzon.zagan.pl\/index.php\/wp-json\/wp\/v2\/pages"}],"about":[{"href":"https:\/\/pzon.zagan.pl\/index.php\/wp-json\/wp\/v2\/types\/page"}],"author":[{"embeddable":true,"href":"https:\/\/pzon.zagan.pl\/index.php\/wp-json\/wp\/v2\/users\/1"}],"replies":[{"embeddable":true,"href":"https:\/\/pzon.zagan.pl\/index.php\/wp-json\/wp\/v2\/comments?post=156"}],"version-history":[{"count":25,"href":"https:\/\/pzon.zagan.pl\/index.php\/wp-json\/wp\/v2\/pages\/156\/revisions"}],"predecessor-version":[{"id":550,"href":"https:\/\/pzon.zagan.pl\/index.php\/wp-json\/wp\/v2\/pages\/156\/revisions\/550"}],"wp:attachment":[{"href":"https:\/\/pzon.zagan.pl\/index.php\/wp-json\/wp\/v2\/media?parent=156"}],"curies":[{"name":"wp","href":"https:\/\/api.w.org\/{rel}","templated":true}]}}